{"id":8624,"date":"2025-09-16T13:54:25","date_gmt":"2025-09-16T13:54:25","guid":{"rendered":"https:\/\/itin.com\/?page_id=8624"},"modified":"2025-12-19T23:24:16","modified_gmt":"2025-12-19T23:24:16","slug":"politica-de-privacidad","status":"publish","type":"page","link":"https:\/\/itin.com\/es\/politica-de-privacidad\/","title":{"rendered":"Pol\u00edtica de privacidad"},"content":{"rendered":"<div data-elementor-type=\"wp-page\" data-elementor-id=\"8624\" class=\"elementor elementor-8624\" data-elementor-post-type=\"page\">\n\t\t\t\t<div class=\"elementor-element elementor-element-815fa77 e-con-boxed e-flex e-con e-parent\" data-id=\"815fa77\" data-element_type=\"container\" data-e-type=\"container\">\n\t\t\t\t\t<div class=\"e-con-inner\">\n\t\t\t\t<div class=\"elementor-element elementor-element-18ab104 elementor-widget elementor-widget-mak_text_editor\" data-id=\"18ab104\" data-element_type=\"widget\" data-e-type=\"widget\" data-widget_type=\"mak_text_editor.default\">\n\t\t\t\t<div class=\"elementor-widget-container\">\n\t\t\t\t\t<div class=\"mak-text-editor\"><h1 id=\"privacy-policy\">POL\u00cdTICA DE PRIVACIDAD<\/h1><\/div>\t\t\t\t<\/div>\n\t\t\t\t<\/div>\n\t\t\t\t\t<\/div>\n\t\t\t\t<\/div>\n\t\t<div class=\"elementor-element elementor-element-d551cc3 e-con-boxed e-flex e-con e-child\" data-id=\"d551cc3\" data-element_type=\"container\" data-e-type=\"container\">\n\t\t\t\t\t<div class=\"e-con-inner\">\n\t\t\t\t<div class=\"elementor-element elementor-element-e411981 elementor-widget elementor-widget-mak_text_editor\" data-id=\"e411981\" data-element_type=\"widget\" data-e-type=\"widget\" data-widget_type=\"mak_text_editor.default\">\n\t\t\t\t<div class=\"elementor-widget-container\">\n\t\t\t\t\t<div class=\"mak-text-editor\"><h2 style=\"text-align: left\" id=\"1-purpose-of-policyitin-com-is-committed-to-protecting-your-privacy-as-you-use-www-itin-com-the-website-this-privacy-policy-policy-covers-how-we-collect-use\"><strong>1. PROP\u00d3SITO DE LA POL\u00cdTICA<\/strong><\/h2><p style=\"text-align: left\">ITIN.com is committed to protecting your privacy as you use <a href=\"https:\/\/itin.com\/es\/\">www.itin.com<\/a> (the \u201c<strong>(el \u201cSitio Web\u201d)<\/strong>. Esta Pol\u00edtica de Privacidad<strong>(la \u201cPol\u00edtica\u201d)<\/strong>abarca c\u00f3mo recopilamos, utilizamos, almacenamos y compartimos su informaci\u00f3n cuando utiliza nuestro Sitio Web. Todas las referencias a \u201cnosotros\u201d, \u201cnos\u201d, \u201cnuestro\u201d o \u201cITIN.com\u201d se refieren a ITIN.com. Todas las referencias a \u201custed\u201d o \u201csu\u201d se refieren al usuario del Sitio Web.<\/p><p style=\"text-align: left\">Esta Pol\u00edtica cubre el tratamiento de la informaci\u00f3n personal identificable, o informaci\u00f3n que permitir\u00eda a alguien identificarle o contactarle<strong>(\u201cInformaci\u00f3n Personal\u201d)<\/strong>, que recopilamos cuando utiliza el Sitio Web.<\/p><p style=\"text-align: left\">Al utilizar los Servicios o proporcionarnos su informaci\u00f3n, usted acepta la recopilaci\u00f3n, uso y divulgaci\u00f3n de su informaci\u00f3n tal como se describe en esta Pol\u00edtica.<\/p><p style=\"text-align: left\">No dude en contactarnos en info@itin.com\n si tiene alguna pregunta o desea discutir esta Pol\u00edtica. Los t\u00e9rminos en may\u00fasculas utilizados pero no definidos tendr\u00e1n el significado que se les atribuya en los T\u00e9rminos de Uso.<\/p><h2 style=\"text-align: left\"><strong>2. INFORMACI\u00d3N QUE RECOPILAMOS <\/strong><\/h2><p style=\"text-align: left\"><em>\u00a0<\/em><\/p><h3 style=\"text-align: left\"><em>Informaci\u00f3n que usted proporciona<\/em><\/h3><p style=\"text-align: left\">No tiene que proporcionarnos ninguna Informaci\u00f3n Personal para acceder al Sitio Web.<\/p><p style=\"text-align: left\">Podemos recopilar informaci\u00f3n que usted nos proporcione directamente o informaci\u00f3n recopilada autom\u00e1ticamente durante su uso de los Servicios. Podemos recopilar las siguientes categor\u00edas de Informaci\u00f3n Personal:<\/p><p style=\"text-align: left\">\u2022 Informaci\u00f3n de identidad y contacto (por ejemplo, nombre, fecha de nacimiento, direcci\u00f3n de correo electr\u00f3nico, n\u00famero de tel\u00e9fono, direcci\u00f3n f\u00edsica).<\/p><p style=\"text-align: left\">\u2022 Documentaci\u00f3n emitida por el gobierno (por ejemplo, detalles del pasaporte, n\u00fameros de identificaci\u00f3n de extranjeros, registros de visado e inmigraci\u00f3n, ITIN o SSN previos, cuando corresponda, informaci\u00f3n del Formulario W-7 y documentaci\u00f3n de respaldo).<\/p><p style=\"text-align: left\">\u2022 Informaci\u00f3n relacionada con impuestos (por ejemplo, estado de declaraci\u00f3n fiscal en EE. UU., informaci\u00f3n de declaraciones fiscales en EE. UU., informaci\u00f3n sobre retenciones o tratados).<\/p><p style=\"text-align: left\">\u2022 Informaci\u00f3n de pago, incluyendo datos de tarjetas de cr\u00e9dito o d\u00e9bito o detalles del m\u00e9todo de pago, en relaci\u00f3n con los Servicios de pago.<\/p><p style=\"text-align: left\">\u2022 Credenciales de cuenta (por ejemplo, nombre de usuario, contrase\u00f1a, preguntas de seguridad).<\/p><h3 style=\"text-align: left\"><em>Informaci\u00f3n opcional que usted nos proporciona voluntariamente<\/em><\/h3><p style=\"text-align: left\">Tambi\u00e9n puede optar por proporcionar Informaci\u00f3n Personal adicional m\u00e1s all\u00e1 de la estrictamente requerida para los servicios. Esto podr\u00eda incluir preferencias, comentarios o informaci\u00f3n compartida durante comunicaciones voluntarias. Esta informaci\u00f3n nos ayuda a mejorar nuestros servicios y adaptar las comunicaciones a sus intereses.<\/p><h3 style=\"text-align: left\"><em>Actividad en Internet y tecnolog\u00edas de seguimiento<\/em><\/h3><p style=\"text-align: left\">Cuando utiliza y visita el Sitio Web, nosotros o nuestros Proveedores de Servicios podemos recopilar autom\u00e1ticamente cierta informaci\u00f3n sobre la actividad en internet u otra red electr\u00f3nica. Esto incluye su direcci\u00f3n IP, tipo de navegador, sistema operativo, URLs de referencia, horarios de acceso, p\u00e1ginas visitadas y otra informaci\u00f3n sobre sus interacciones con nuestro Sitio Web. Utilizamos diversas tecnolog\u00edas para esta recopilaci\u00f3n, incluyendo cookies, balizas web y tecnolog\u00edas de seguimiento similares.<\/p><p style=\"text-align: left\">Puede gestionar sus preferencias de cookies a trav\u00e9s de la configuraci\u00f3n de su navegador. Es posible que pueda configurar su navegador para rechazar todas o algunas cookies, o para alertarle cuando se env\u00eden cookies. Si desactiva o rechaza las cookies, tenga en cuenta que algunas partes del Sitio Web pueden volverse inaccesibles o no funcionar correctamente. No utilizamos esta informaci\u00f3n para publicidad dirigida.<\/p><h3 style=\"text-align: left\"><em>Se\u00f1ales de \"No rastrear\"<\/em><\/h3><p style=\"text-align: left\">Algunos navegadores web ofrecen una se\u00f1al de \"No rastrear\" (DNT). Una se\u00f1al DNT es un campo de encabezado HTTP que indica su preferencia respecto al seguimiento por parte de sitios web de terceros. Debido a que no existe una interpretaci\u00f3n com\u00fanmente aceptada de las se\u00f1ales DNT, actualmente no respondemos a se\u00f1ales DNT del navegador ni a otros mecanismos que proporcionan una elecci\u00f3n con respecto a la recopilaci\u00f3n de Informaci\u00f3n Personal. No rastreamos sus actividades en l\u00ednea a trav\u00e9s de sitios web o servicios en l\u00ednea de terceros. En la medida en que recibamos dichas se\u00f1ales, no las acataremos ya que no forman parte de la funcionalidad de nuestro Servicio.<\/p><h2 style=\"text-align: left\"><strong>3. C\u00d3MO UTILIZAMOS SU INFORMACI\u00d3N PERSONAL<\/strong><\/h2><h3 style=\"text-align: left\"><em>Prestaci\u00f3n de Servicios<\/em><\/h3><p style=\"text-align: left\">Utilizamos la informaci\u00f3n que recopilamos para:<\/p><p style=\"text-align: left\">\u2022 Proporcionar, operar y respaldar los Servicios, incluyendo la preparaci\u00f3n de solicitudes de ITIN y documentaci\u00f3n relacionada bajo su direcci\u00f3n.<\/p><p style=\"text-align: left\">\u2022 Verificar la identidad y autenticar su cuenta para ayudar a prevenir fraudes y proteger la seguridad de los Servicios.<\/p><p style=\"text-align: left\">\u2022 Procesar pagos y gestionar pedidos, suscripciones y atenci\u00f3n al cliente.<\/p><p style=\"text-align: left\">\u2022 Comunicarnos con usted sobre su cuenta, estado de solicitud, actualizaciones del servicio y cambios de pol\u00edtica.<\/p><p style=\"text-align: left\">No vendemos ni alquilamos su Informaci\u00f3n Personal a anunciantes u otros terceros por contraprestaci\u00f3n monetaria u otro tipo de beneficio. Tampoco compartimos su Informaci\u00f3n Personal con otros terceros excepto cuando sea necesario para prestar nuestros servicios, por fines comerciales leg\u00edtimos, cuando lo exija la ley, o con su consentimiento expreso.<\/p><h3 style=\"text-align: left\"><em>Informaci\u00f3n compartida por usted a trav\u00e9s del Sitio Web<\/em><\/h3><p style=\"text-align: left\">Usted puede, ahora o en el futuro, optar por compartir voluntariamente informaci\u00f3n recopilada a trav\u00e9s del Sitio Web, como por correo electr\u00f3nico u otros m\u00e9todos de comunicaci\u00f3n. Adem\u00e1s, tal como se describe en esta Pol\u00edtica, algunos aspectos de la funcionalidad del Sitio Web, particularmente el procesamiento de solicitudes de EIN e ITIN, requerir\u00e1n que compartamos su Informaci\u00f3n Personal con agencias gubernamentales (por ejemplo, el IRS) y otros terceros en su nombre.<\/p><h3 style=\"text-align: left\"><em>Nuestro personal<\/em><\/h3><p style=\"text-align: left\">Para poder proporcionarle eficazmente los servicios del Sitio Web y mejorar su funcionalidad, podemos divulgar su Informaci\u00f3n Personal a nuestras subsidiarias y afiliadas, empleados, contratistas y agentes, quienes act\u00faan como nuestros \"Proveedores de Servicios\". Tales personas y entidades necesitan conocer dicha informaci\u00f3n para llevar a cabo el Sitio Web y nuestros servicios, y est\u00e1n obligadas por compromisos de confidencialidad.<\/p><h3 style=\"text-align: left\"><em>Venta de la empresa o de activos<\/em><\/h3><p style=\"text-align: left\">En caso de que vendamos la totalidad o una parte sustancial de nuestra empresa o sus activos, incluida la Informaci\u00f3n Personal recopilada a trav\u00e9s de nuestro Sitio Web, podremos transferir su informaci\u00f3n, con aviso razonable y conforme a la legislaci\u00f3n aplicable, a la entidad adquirente.<\/p><h3 style=\"text-align: left\"><em>Otros terceros<\/em><\/h3><p style=\"text-align: left\">Adem\u00e1s de nuestras pr\u00e1cticas descritas anteriormente, podemos compartir su informaci\u00f3n con agencias gubernamentales (como el IRS para solicitudes de EIN\/ITIN) y otros terceros si creemos de buena fe que tal acci\u00f3n es necesaria para (1) cumplir con una obligaci\u00f3n legal (por ejemplo, citaciones, \u00f3rdenes judiciales, requerimientos gubernamentales), (2) proteger y defender los derechos o la propiedad de ITIN.com, (3) prevenir una emergencia que implique peligro de muerte o lesiones f\u00edsicas o mentales graves a cualquier persona, (4) prevenir fraude o actividad ilegal, o (5) hacer cumplir nuestros T\u00e9rminos de Uso.<\/p><h2 style=\"text-align: left\"><strong>4. ALMACENAMIENTO Y CONSERVACI\u00d3N DE SU INFORMACI\u00d3N PERSONAL<\/strong><\/h2><h3 style=\"text-align: left\"><em>Almacenamiento y retenci\u00f3n de su informaci\u00f3n<\/em><\/h3><p style=\"text-align: left\">Conservamos su Informaci\u00f3n Personal durante el tiempo que sea necesario para prestar nuestros servicios, cumplir con los fines descritos en esta Pol\u00edtica, cumplir con nuestras obligaciones legales (especialmente en lo relativo a informaci\u00f3n fiscal exigida por el IRS), resolver disputas y hacer cumplir nuestros acuerdos. Este per\u00edodo puede extenderse m\u00e1s all\u00e1 de la finalizaci\u00f3n de su uso del Sitio Web. Tambi\u00e9n podemos anonimizar su Informaci\u00f3n Personal y almacenar dicha informaci\u00f3n anonimizada para an\u00e1lisis y mejora de servicios.<\/p><p style=\"text-align: left\">Debido a la naturaleza de las solicitudes de ITIN, que implican datos gubernamentales sensibles, con frecuencia estamos legalmente obligados a conservar ciertos registros durante per\u00edodos prolongados. Esto significa que, incluso si solicita la eliminaci\u00f3n de su informaci\u00f3n, es posible que legalmente no podamos eliminarla de inmediato.<\/p><p style=\"text-align: left\">Si desea revisar su Informaci\u00f3n Personal a la que tenemos acceso, o solicitar la eliminaci\u00f3n de cualquier informaci\u00f3n que no estemos legalmente obligados a conservar, puede contactarnos por correo electr\u00f3nico a info@itin.com\n.<\/p><h3 style=\"text-align: left\"><em>Seguridad de su Informaci\u00f3n Personal<\/em><\/h3><p style=\"text-align: left\">Implementamos medidas de seguridad administrativas, t\u00e9cnicas y f\u00edsicas razonables dise\u00f1adas para proteger su Informaci\u00f3n Personal contra el acceso, uso, alteraci\u00f3n y divulgaci\u00f3n no autorizados. Estas medidas incluyen, entre otras, cifrado, cortafuegos, tecnolog\u00eda de capa de conexi\u00f3n segura (SSL), controles de acceso, auditor\u00edas de seguridad peri\u00f3dicas y capacitaci\u00f3n del personal. Revisamos las pr\u00e1cticas de privacidad de nuestros Proveedores de Servicios, capacitamos a nuestro personal en temas de privacidad y restringimos el acceso a su Informaci\u00f3n Personal a personas dentro y fuera de ITIN.com que necesiten conocer dicha informaci\u00f3n para prestar los servicios del Sitio Web.<\/p><p style=\"text-align: left\">Ning\u00fan sitio web, sistema o almacenamiento electr\u00f3nico es completamente seguro. Cualquier transmisi\u00f3n de datos personales se realiza bajo su propio riesgo. Las comunicaciones por correo electr\u00f3nico, mensaje de texto y chat pueden no ser seguras. Usted es responsable de mantener la protecci\u00f3n adecuada de sus credenciales de cuenta e informaci\u00f3n.<\/p><h2 style=\"text-align: left\"><strong>5. SOLICITUDES GUBERNAMENTALES RELACIONADAS CON INFORMACI\u00d3N PERSONAL<\/strong><\/h2><p style=\"text-align: left\">Ocasionalmente, podemos recibir solicitudes de agencias gubernamentales (como el IRS o autoridades policiales) para acceder a la Informaci\u00f3n Personal de nuestros usuarios. Al manejar dichas solicitudes gubernamentales, valoramos enormemente la privacidad de su informaci\u00f3n. Aunque en algunas ocasiones estemos obligados a entregar informaci\u00f3n del usuario, procuraremos exigir una orden judicial o citaci\u00f3n, en la medida en que podamos legal y razonablemente requerirla, antes de entregar cualquier informaci\u00f3n sobre usted. Tambi\u00e9n intentaremos notificar a los usuarios afectados cuando recibamos solicitudes gubernamentales sobre sus datos, salvo que la ley o una orden judicial lo proh\u00edba.<\/p><h2 style=\"text-align: left\"><strong>6. PROVEEDORES DE SERVICIOS Y PR\u00c1CTICAS DE TERCEROS<\/strong><\/h2><p style=\"text-align: left\">Nuestro Sitio Web utiliza numerosos Proveedores de Servicios externos como parte de su funcionalidad, tales como servicios de alojamiento, procesadores de pagos, proveedores de an\u00e1lisis, servicios de comunicaciones y otros proveedores. Compartimos su Informaci\u00f3n Personal con estos Proveedores de Servicios en la medida explicada en esta Pol\u00edtica, \u00fanicamente para que realicen servicios en nuestro nombre. Estos Proveedores de Servicios est\u00e1n contractualmente obligados a proteger su Informaci\u00f3n Personal y a utilizarla solo para los fines para los que se la divulgamos.<\/p><p style=\"text-align: left\">Sin embargo, no tenemos control sobre las pr\u00e1cticas de privacidad independientes de otros terceros que no act\u00faan como nuestros Proveedores de Servicios (por ejemplo, agencias gubernamentales). Por lo tanto, no garantizamos ni asumimos responsabilidad por la informaci\u00f3n, servicios o pr\u00e1cticas de privacidad\/datos de dichos terceros independientes, las cuales pueden diferir significativamente de nuestras pr\u00e1cticas descritas en esta Pol\u00edtica. Le animamos a revisar las pr\u00e1cticas de privacidad de todos los terceros con los que interact\u00fae, y le recomendamos que act\u00fae con cautela al decidir qu\u00e9 informaci\u00f3n desea compartir en el Sitio Web.<\/p><h2 style=\"text-align: left\"><strong>7. CAMBIOS EN ESTA POL\u00cdTICA<\/strong><\/h2><p style=\"text-align: left\">ITIN.com se reserva el derecho de cambiar esta Pol\u00edtica ocasionalmente, con notificaci\u00f3n razonable. Cualquier cambio a esta Pol\u00edtica de Privacidad entrar\u00e1 en vigor en la \u201cFecha de Entrada en Vigor\u201d indicada arriba. Si contin\u00faa utilizando el Sitio Web despu\u00e9s de dicha fecha, usted consiente la nueva Pol\u00edtica. ITIN.com siempre publicar\u00e1 la versi\u00f3n m\u00e1s reciente de la Pol\u00edtica en el Sitio Web.<\/p><h2 style=\"text-align: left\"><strong>8. NO DUDE EN CONTACTARNOS SI TIENE PREGUNTAS<\/strong><\/h2><p style=\"text-align: left\">Si tiene alguna pregunta sobre esta Pol\u00edtica o nuestro Sitio Web, no dude en comunicarse con nosotros por correo electr\u00f3nico a info@itin.com\n.<\/p><p style=\"text-align: left\">\u00a0<\/p><\/div>\t\t\t\t<\/div>\n\t\t\t\t<\/div>\n\t\t\t\t\t<\/div>\n\t\t\t\t<\/div>\n\t\t\t\t<\/div>","protected":false},"excerpt":{"rendered":"<p>PRIVACY POLICY 1. PURPOSE OF POLICY ITIN.com is committed to protecting your privacy as you use www.itin.com (the \u201cWebsite\u201d). This Privacy Policy (\u201cPolicy\u201d) covers how we collect, use, store, and share your information when you use our Website. All references to \u201cwe\u201d, \u201cus\u201d, \u201cour\u201d, or \u201cITIN.com\u201d refer to ITIN.com. All references to \u201cyou\u201d or \u201cyour\u201d [&hellip;]<\/p>\n","protected":false},"author":1,"featured_media":0,"parent":0,"menu_order":0,"comment_status":"closed","ping_status":"closed","template":"","meta":{"footnotes":""},"class_list":["post-8624","page","type-page","status-publish","hentry"],"yoast_head":"<!-- This site is optimized with the Yoast SEO plugin v27.4 - https:\/\/yoast.com\/product\/yoast-seo-wordpress\/ -->\n<title>Privacy policy | ITIN.com<\/title>\n<meta name=\"description\" content=\"Your privacy matters. Learn how ITIN.com protects your personal and financial information with strict security and IRS-compliant practices.\" \/>\n<meta name=\"robots\" content=\"index, follow, max-snippet:-1, max-image-preview:large, max-video-preview:-1\" \/>\n<link rel=\"canonical\" href=\"https:\/\/itin.com\/es\/politica-de-privacidad\/\" \/>\n<meta property=\"og:locale\" content=\"es_ES\" \/>\n<meta property=\"og:type\" content=\"article\" \/>\n<meta property=\"og:title\" content=\"Privacy policy | ITIN.com\" \/>\n<meta property=\"og:description\" content=\"Your privacy matters. Learn how ITIN.com protects your personal and financial information with strict security and IRS-compliant practices.\" \/>\n<meta property=\"og:url\" content=\"https:\/\/itin.com\/es\/politica-de-privacidad\/\" \/>\n<meta property=\"og:site_name\" content=\"ITIN\" \/>\n<meta property=\"article:modified_time\" content=\"2025-12-19T23:24:16+00:00\" \/>\n<meta property=\"og:image\" content=\"https:\/\/itin.com\/wp-content\/uploads\/2025\/12\/itin.com-og-image.png\" \/>\n\t<meta property=\"og:image:width\" content=\"1920\" \/>\n\t<meta property=\"og:image:height\" content=\"1080\" \/>\n\t<meta property=\"og:image:type\" content=\"image\/png\" \/>\n<meta name=\"twitter:card\" content=\"summary_large_image\" \/>\n<meta name=\"twitter:label1\" content=\"Tiempo de lectura\" \/>\n\t<meta name=\"twitter:data1\" content=\"8 minutos\" \/>\n<script type=\"application\/ld+json\" class=\"yoast-schema-graph\">{\"@context\":\"https:\\\/\\\/schema.org\",\"@graph\":[{\"@type\":\"WebPage\",\"@id\":\"https:\\\/\\\/itin.com\\\/privacy-policy\\\/\",\"url\":\"https:\\\/\\\/itin.com\\\/privacy-policy\\\/\",\"name\":\"Privacy policy | ITIN.com\",\"isPartOf\":{\"@id\":\"https:\\\/\\\/itin.com\\\/#website\"},\"datePublished\":\"2025-09-16T13:54:25+00:00\",\"dateModified\":\"2025-12-19T23:24:16+00:00\",\"description\":\"Your privacy matters. Learn how ITIN.com protects your personal and financial information with strict security and IRS-compliant practices.\",\"breadcrumb\":{\"@id\":\"https:\\\/\\\/itin.com\\\/privacy-policy\\\/#breadcrumb\"},\"inLanguage\":\"es\",\"potentialAction\":[{\"@type\":\"ReadAction\",\"target\":[\"https:\\\/\\\/itin.com\\\/privacy-policy\\\/\"]}]},{\"@type\":\"BreadcrumbList\",\"@id\":\"https:\\\/\\\/itin.com\\\/privacy-policy\\\/#breadcrumb\",\"itemListElement\":[{\"@type\":\"ListItem\",\"position\":1,\"name\":\"Home\",\"item\":\"https:\\\/\\\/itin.com\\\/\"},{\"@type\":\"ListItem\",\"position\":2,\"name\":\"Privacy Policy\"}]},{\"@type\":\"WebSite\",\"@id\":\"https:\\\/\\\/itin.com\\\/#website\",\"url\":\"https:\\\/\\\/itin.com\\\/\",\"name\":\"ITIN\",\"description\":\"ITIN\",\"publisher\":{\"@id\":\"https:\\\/\\\/itin.com\\\/#organization\"},\"potentialAction\":[{\"@type\":\"SearchAction\",\"target\":{\"@type\":\"EntryPoint\",\"urlTemplate\":\"https:\\\/\\\/itin.com\\\/?s={search_term_string}\"},\"query-input\":{\"@type\":\"PropertyValueSpecification\",\"valueRequired\":true,\"valueName\":\"search_term_string\"}}],\"inLanguage\":\"es\"},{\"@type\":\"Organization\",\"@id\":\"https:\\\/\\\/itin.com\\\/#organization\",\"name\":\"ITIN.com\",\"url\":\"https:\\\/\\\/itin.com\\\/\",\"logo\":{\"@type\":\"ImageObject\",\"inLanguage\":\"es\",\"@id\":\"https:\\\/\\\/itin.com\\\/#\\\/schema\\\/logo\\\/image\\\/\",\"url\":\"https:\\\/\\\/itin.com\\\/wp-content\\\/uploads\\\/2025\\\/12\\\/cropped-Favicon.png\",\"contentUrl\":\"https:\\\/\\\/itin.com\\\/wp-content\\\/uploads\\\/2025\\\/12\\\/cropped-Favicon.png\",\"width\":512,\"height\":512,\"caption\":\"ITIN.com\"},\"image\":{\"@id\":\"https:\\\/\\\/itin.com\\\/#\\\/schema\\\/logo\\\/image\\\/\"}}]}<\/script>\n<!-- \/ Yoast SEO plugin. -->","yoast_head_json":{"title":"Pol\u00edtica de Privacidad | ITIN.com","description":"Tu privacidad importa. ITIN.com protege tu informaci\u00f3n personal y financiera con seguridad estricta y pr\u00e1cticas conforme al IRS.","robots":{"index":"index","follow":"follow","max-snippet":"max-snippet:-1","max-image-preview":"max-image-preview:large","max-video-preview":"max-video-preview:-1"},"canonical":"https:\/\/itin.com\/es\/politica-de-privacidad\/","og_locale":"es_ES","og_type":"article","og_title":"Privacy policy | ITIN.com","og_description":"Your privacy matters. Learn how ITIN.com protects your personal and financial information with strict security and IRS-compliant practices.","og_url":"https:\/\/itin.com\/es\/politica-de-privacidad\/","og_site_name":"ITIN","article_modified_time":"2025-12-19T23:24:16+00:00","og_image":[{"width":1920,"height":1080,"url":"https:\/\/itin.com\/wp-content\/uploads\/2025\/12\/itin.com-og-image.png","type":"image\/png"}],"twitter_card":"summary_large_image","twitter_misc":{"Tiempo de lectura":"8 minutos"},"schema":{"@context":"https:\/\/schema.org","@graph":[{"@type":"WebPage","@id":"https:\/\/itin.com\/privacy-policy\/","url":"https:\/\/itin.com\/privacy-policy\/","name":"Pol\u00edtica de Privacidad | ITIN.com","isPartOf":{"@id":"https:\/\/itin.com\/#website"},"datePublished":"2025-09-16T13:54:25+00:00","dateModified":"2025-12-19T23:24:16+00:00","description":"Tu privacidad importa. ITIN.com protege tu informaci\u00f3n personal y financiera con seguridad estricta y pr\u00e1cticas conforme al IRS.","breadcrumb":{"@id":"https:\/\/itin.com\/privacy-policy\/#breadcrumb"},"inLanguage":"es","potentialAction":[{"@type":"ReadAction","target":["https:\/\/itin.com\/privacy-policy\/"]}]},{"@type":"BreadcrumbList","@id":"https:\/\/itin.com\/privacy-policy\/#breadcrumb","itemListElement":[{"@type":"ListItem","position":1,"name":"Home","item":"https:\/\/itin.com\/"},{"@type":"ListItem","position":2,"name":"Privacy Policy"}]},{"@type":"WebSite","@id":"https:\/\/itin.com\/#website","url":"https:\/\/itin.com\/","name":"ITIN","description":"ITIN","publisher":{"@id":"https:\/\/itin.com\/#organization"},"potentialAction":[{"@type":"SearchAction","target":{"@type":"EntryPoint","urlTemplate":"https:\/\/itin.com\/?s={search_term_string}"},"query-input":{"@type":"PropertyValueSpecification","valueRequired":true,"valueName":"search_term_string"}}],"inLanguage":"es"},{"@type":"Organization","@id":"https:\/\/itin.com\/#organization","name":"ITIN.com","url":"https:\/\/itin.com\/","logo":{"@type":"ImageObject","inLanguage":"es","@id":"https:\/\/itin.com\/#\/schema\/logo\/image\/","url":"https:\/\/itin.com\/wp-content\/uploads\/2025\/12\/cropped-Favicon.png","contentUrl":"https:\/\/itin.com\/wp-content\/uploads\/2025\/12\/cropped-Favicon.png","width":512,"height":512,"caption":"ITIN.com"},"image":{"@id":"https:\/\/itin.com\/#\/schema\/logo\/image\/"}}]}},"_links":{"self":[{"href":"https:\/\/itin.com\/es\/wp-json\/wp\/v2\/pages\/8624","targetHints":{"allow":["GET"]}}],"collection":[{"href":"https:\/\/itin.com\/es\/wp-json\/wp\/v2\/pages"}],"about":[{"href":"https:\/\/itin.com\/es\/wp-json\/wp\/v2\/types\/page"}],"author":[{"embeddable":true,"href":"https:\/\/itin.com\/es\/wp-json\/wp\/v2\/users\/1"}],"replies":[{"embeddable":true,"href":"https:\/\/itin.com\/es\/wp-json\/wp\/v2\/comments?post=8624"}],"version-history":[{"count":43,"href":"https:\/\/itin.com\/es\/wp-json\/wp\/v2\/pages\/8624\/revisions"}],"predecessor-version":[{"id":12130,"href":"https:\/\/itin.com\/es\/wp-json\/wp\/v2\/pages\/8624\/revisions\/12130"}],"wp:attachment":[{"href":"https:\/\/itin.com\/es\/wp-json\/wp\/v2\/media?parent=8624"}],"curies":[{"name":"wp","href":"https:\/\/api.w.org\/{rel}","templated":true}]}}